{"id":10592,"date":"2022-05-24T08:29:46","date_gmt":"2022-05-24T07:29:46","guid":{"rendered":"https:\/\/bogarve1915.com\/memorias\/"},"modified":"2023-06-07T12:29:08","modified_gmt":"2023-06-07T11:29:08","slug":"memorias","status":"publish","type":"page","link":"https:\/\/bogarve1915.onpointmarketing.es\/de\/memorias\/","title":{"rendered":"MEMORIAS &#8211; BOGARVE 1915"},"content":{"rendered":"<p>[et_pb_section fb_built=&#8220;1&#8243; fullwidth=&#8220;on&#8220; disabled_on=&#8220;on|off|off&#8220; _builder_version=&#8220;4.19.5&#8243; _module_preset=&#8220;default&#8220; background_image=&#8220;https:\/\/bogarve1915.onpointmarketing.es\/wp-content\/uploads\/2022\/06\/04_MEMORIAS.jpg&#8220; global_colors_info=&#8220;{}&#8220;][et_pb_fullwidth_post_title meta=&#8220;off&#8220; featured_image=&#8220;off&#8220; _builder_version=&#8220;4.19.1&#8243; _module_preset=&#8220;default&#8220; title_text_color=&#8220;rgba(255,255,255,0)&#8220; custom_margin=&#8220;||||false|false&#8220; custom_padding=&#8220;12%||20%||false|false&#8220; custom_padding_tablet=&#8220;&#8220; custom_padding_phone=&#8220;10%||10%||false|false&#8220; custom_padding_last_edited=&#8220;on|phone&#8220; global_colors_info=&#8220;{}&#8220;][\/et_pb_fullwidth_post_title][\/et_pb_section][et_pb_section fb_built=&#8220;1&#8243; fullwidth=&#8220;on&#8220; disabled_on=&#8220;off|on|on&#8220; _builder_version=&#8220;4.19.5&#8243; _module_preset=&#8220;default&#8220; global_colors_info=&#8220;{}&#8220;][et_pb_fullwidth_image src=&#8220;https:\/\/bogarve1915.onpointmarketing.es\/wp-content\/uploads\/2023\/01\/MEMORIASG.jpg&#8220; _builder_version=&#8220;4.19.5&#8243; _module_preset=&#8220;default&#8220; global_colors_info=&#8220;{}&#8220;][\/et_pb_fullwidth_image][\/et_pb_section][et_pb_section fb_built=&#8220;1&#8243; _builder_version=&#8220;4.17.4&#8243; _module_preset=&#8220;default&#8220; custom_margin=&#8220;0px||||false|false&#8220; custom_padding=&#8220;0px||||false|false&#8220; global_colors_info=&#8220;{}&#8220;][et_pb_row disabled_on=&#8220;on|on|off&#8220; admin_label=&#8220;01 &#8211; ESCRITORIO&#8220; module_id=&#8220;inicio&#8220; _builder_version=&#8220;4.19.2&#8243; _module_preset=&#8220;default&#8220; global_colors_info=&#8220;{}&#8220;][et_pb_column type=&#8220;4_4&#8243; _builder_version=&#8220;4.17.4&#8243; _module_preset=&#8220;default&#8220; global_colors_info=&#8220;{}&#8220;][et_pb_text admin_label=&#8220;T\u00cdTULO &#8211; MEMORIAS&#8220; _builder_version=&#8220;4.21.0&#8243; _module_preset=&#8220;default&#8220; text_orientation=&#8220;center&#8220; hover_enabled=&#8220;0&#8243; global_colors_info=&#8220;{}&#8220; sticky_enabled=&#8220;0&#8243;]<\/p>\n<p>Die homogene und exakte Mischung der besten Alkohole aus unserer Brennerei mit gekl\u00e4rtem Most aus schonender Pressung von Trauben, die aufgrund ihres hohen Zuckergehalts ausgew\u00e4hlt werden, ergibt Lik\u00f6rweine, die sich durch ihre Milde und das perfekte Zusammenspiel von Aroma und Geschmack auszeichnen.<\/p>\n<p>Memorias ist die Bibliothek unserer Geschichte. In dieser Kollektion wollten wir die Erfahrung und die erlebte Zeit anhand der Literatur und der Erinnerung widerspiegeln. Die Trauben vermitteln uns (wie die Buchstaben in einem Buch) Erfahrungen und Empfindungen. Die Weinkellerei ist (wie eine gro\u00dfe Bibliothek) der Ort, an dem diese Erfahrungen und Geschichten aufbewahrt werden, die wir wiederum als Erinnerungen in unserem Ged\u00e4chtnis speichern.<\/p>\n<p>[\/et_pb_text][et_pb_portfolio fullwidth=&#8220;off&#8220; include_categories=&#8220;5&#8243; show_categories=&#8220;off&#8220; show_pagination=&#8220;off&#8220; admin_label=&#8220;CATEGORIA PROYECTO &#8211; MEMORIAS&#8220; _builder_version=&#8220;4.17.4&#8243; _module_preset=&#8220;default&#8220; title_font=&#8220;Open Sans|700||on|||||&#8220; title_text_align=&#8220;center&#8220; title_text_color=&#8220;#000000&#8243; text_orientation=&#8220;center&#8220; global_colors_info=&#8220;{}&#8220;][\/et_pb_portfolio][\/et_pb_column][\/et_pb_row][et_pb_row disabled_on=&#8220;off|off|on&#8220; admin_label=&#8220;01 &#8211; MOVIL&#8220; module_id=&#8220;inicio&#8220; _builder_version=&#8220;4.19.2&#8243; _module_preset=&#8220;default&#8220; global_colors_info=&#8220;{}&#8220;][et_pb_column type=&#8220;4_4&#8243; _builder_version=&#8220;4.17.4&#8243; _module_preset=&#8220;default&#8220; global_colors_info=&#8220;{}&#8220;][et_pb_text admin_label=&#8220;T\u00cdTULO &#8211; MEMORIAS&#8220; _builder_version=&#8220;4.21.0&#8243; _module_preset=&#8220;default&#8220; hover_enabled=&#8220;0&#8243; global_colors_info=&#8220;{}&#8220; sticky_enabled=&#8220;0&#8243;]<\/p>\n<p>Die homogene und exakte Mischung der besten Alkohole aus unserer Brennerei mit gekl\u00e4rtem Most aus schonender Pressung von Trauben, die aufgrund ihres hohen Zuckergehalts ausgew\u00e4hlt werden, ergibt Lik\u00f6rweine, die sich durch ihre Milde und das perfekte Zusammenspiel von Aroma und Geschmack auszeichnen.<\/p>\n<p>Memorias ist die Bibliothek unserer Geschichte. In dieser Kollektion wollten wir die Erfahrung und die erlebte Zeit anhand der Literatur und der Erinnerung widerspiegeln. Die Trauben vermitteln uns (wie die Buchstaben in einem Buch) Erfahrungen und Empfindungen. Die Weinkellerei ist (wie eine gro\u00dfe Bibliothek) der Ort, an dem diese Erfahrungen und Geschichten aufbewahrt werden, die wir wiederum als Erinnerungen in unserem Ged\u00e4chtnis speichern.<\/p>\n<p>[\/et_pb_text][et_pb_portfolio fullwidth=&#8220;off&#8220; include_categories=&#8220;5&#8243; show_categories=&#8220;off&#8220; show_pagination=&#8220;off&#8220; admin_label=&#8220;CATEGORIA PROYECTO &#8211; MEMORIAS&#8220; _builder_version=&#8220;4.19.2&#8243; _module_preset=&#8220;default&#8220; title_font=&#8220;Open Sans|700||on|||||&#8220; title_text_align=&#8220;center&#8220; title_text_color=&#8220;#000000&#8243; text_orientation=&#8220;center&#8220; global_colors_info=&#8220;{}&#8220;][\/et_pb_portfolio][\/et_pb_column][\/et_pb_row][\/et_pb_section]<\/p>\n","protected":false},"excerpt":{"rendered":"<p>[et_pb_section fb_built=&#8220;1&#8243; fullwidth=&#8220;on&#8220; disabled_on=&#8220;on|off|off&#8220; _builder_version=&#8220;4.19.5&#8243; _module_preset=&#8220;default&#8220; background_image=&#8220;https:\/\/bogarve1915.onpointmarketing.es\/wp-content\/uploads\/2022\/06\/04_MEMORIAS.jpg&#8220; global_colors_info=&#8220;{}&#8220;][et_pb_fullwidth_post_title meta=&#8220;off&#8220; featured_image=&#8220;off&#8220; _builder_version=&#8220;4.19.1&#8243; _module_preset=&#8220;default&#8220; title_text_color=&#8220;rgba(255,255,255,0)&#8220; custom_margin=&#8220;||||false|false&#8220; custom_padding=&#8220;12%||20%||false|false&#8220; custom_padding_tablet=&#8220;&#8220; custom_padding_phone=&#8220;10%||10%||false|false&#8220; custom_padding_last_edited=&#8220;on|phone&#8220; global_colors_info=&#8220;{}&#8220;][\/et_pb_fullwidth_post_title][\/et_pb_section][et_pb_section fb_built=&#8220;1&#8243; fullwidth=&#8220;on&#8220; disabled_on=&#8220;off|on|on&#8220; _builder_version=&#8220;4.19.5&#8243; _module_preset=&#8220;default&#8220; global_colors_info=&#8220;{}&#8220;][et_pb_fullwidth_image src=&#8220;https:\/\/bogarve1915.onpointmarketing.es\/wp-content\/uploads\/2023\/01\/MEMORIASG.jpg&#8220; _builder_version=&#8220;4.19.5&#8243; _module_preset=&#8220;default&#8220; global_colors_info=&#8220;{}&#8220;][\/et_pb_fullwidth_image][\/et_pb_section][et_pb_section fb_built=&#8220;1&#8243; _builder_version=&#8220;4.17.4&#8243; _module_preset=&#8220;default&#8220; custom_margin=&#8220;0px||||false|false&#8220; custom_padding=&#8220;0px||||false|false&#8220; global_colors_info=&#8220;{}&#8220;][et_pb_row disabled_on=&#8220;on|on|off&#8220; admin_label=&#8220;01 &#8211; ESCRITORIO&#8220; module_id=&#8220;inicio&#8220; _builder_version=&#8220;4.19.2&#8243; _module_preset=&#8220;default&#8220; global_colors_info=&#8220;{}&#8220;][et_pb_column type=&#8220;4_4&#8243; _builder_version=&#8220;4.17.4&#8243; _module_preset=&#8220;default&#8220; global_colors_info=&#8220;{}&#8220;][et_pb_text admin_label=&#8220;T\u00cdTULO &#8211; MEMORIAS&#8220; _builder_version=&#8220;4.21.0&#8243; _module_preset=&#8220;default&#8220; text_orientation=&#8220;center&#8220; hover_enabled=&#8220;0&#8243; global_colors_info=&#8220;{}&#8220; [&hellip;]<\/p>\n","protected":false},"author":1,"featured_media":10150,"parent":0,"menu_order":0,"comment_status":"closed","ping_status":"closed","template":"","meta":{"_acf_changed":false,"footnotes":""},"class_list":["post-10592","page","type-page","status-publish","has-post-thumbnail","hentry"],"acf":[],"yoast_head":"<!-- This site is optimized with the Yoast SEO plugin v27.4 - https:\/\/yoast.com\/product\/yoast-seo-wordpress\/ -->\n<title>MEMORIAS - BOGARVE 1915 - Bogarve 1915 | Bodega y tienda de vinos, mistelas y vermut<\/title>\n<meta name=\"robots\" content=\"noindex, follow, max-snippet:-1, max-image-preview:large, max-video-preview:-1\" \/>\n<meta property=\"og:locale\" content=\"de_DE\" \/>\n<meta property=\"og:type\" content=\"article\" \/>\n<meta property=\"og:title\" content=\"MEMORIAS - BOGARVE 1915 - Bogarve 1915 | Bodega y tienda de vinos, mistelas y vermut\" \/>\n<meta property=\"og:description\" content=\"[et_pb_section fb_built=&#8220;1&#8243; fullwidth=&#8220;on&#8220; disabled_on=&#8220;on|off|off&#8220; _builder_version=&#8220;4.19.5&#8243; _module_preset=&#8220;default&#8220; background_image=&#8220;https:\/\/bogarve1915.onpointmarketing.es\/wp-content\/uploads\/2022\/06\/04_MEMORIAS.jpg&#8220; global_colors_info=&#8220;{}&#8220;][et_pb_fullwidth_post_title meta=&#8220;off&#8220; featured_image=&#8220;off&#8220; _builder_version=&#8220;4.19.1&#8243; _module_preset=&#8220;default&#8220; title_text_color=&#8220;rgba(255,255,255,0)&#8220; custom_margin=&#8220;||||false|false&#8220; custom_padding=&#8220;12%||20%||false|false&#8220; custom_padding_tablet=&#8220;&#8220; custom_padding_phone=&#8220;10%||10%||false|false&#8220; custom_padding_last_edited=&#8220;on|phone&#8220; global_colors_info=&#8220;{}&#8220;][\/et_pb_fullwidth_post_title][\/et_pb_section][et_pb_section fb_built=&#8220;1&#8243; fullwidth=&#8220;on&#8220; disabled_on=&#8220;off|on|on&#8220; _builder_version=&#8220;4.19.5&#8243; _module_preset=&#8220;default&#8220; global_colors_info=&#8220;{}&#8220;][et_pb_fullwidth_image src=&#8220;https:\/\/bogarve1915.onpointmarketing.es\/wp-content\/uploads\/2023\/01\/MEMORIASG.jpg&#8220; _builder_version=&#8220;4.19.5&#8243; _module_preset=&#8220;default&#8220; global_colors_info=&#8220;{}&#8220;][\/et_pb_fullwidth_image][\/et_pb_section][et_pb_section fb_built=&#8220;1&#8243; _builder_version=&#8220;4.17.4&#8243; _module_preset=&#8220;default&#8220; custom_margin=&#8220;0px||||false|false&#8220; custom_padding=&#8220;0px||||false|false&#8220; global_colors_info=&#8220;{}&#8220;][et_pb_row disabled_on=&#8220;on|on|off&#8220; admin_label=&#8220;01 &#8211; ESCRITORIO&#8220; module_id=&#8220;inicio&#8220; _builder_version=&#8220;4.19.2&#8243; _module_preset=&#8220;default&#8220; global_colors_info=&#8220;{}&#8220;][et_pb_column type=&#8220;4_4&#8243; _builder_version=&#8220;4.17.4&#8243; _module_preset=&#8220;default&#8220; global_colors_info=&#8220;{}&#8220;][et_pb_text admin_label=&#8220;T\u00cdTULO &#8211; MEMORIAS&#8220; _builder_version=&#8220;4.21.0&#8243; _module_preset=&#8220;default&#8220; text_orientation=&#8220;center&#8220; hover_enabled=&#8220;0&#8243; global_colors_info=&#8220;{}&#8220; [&hellip;]\" \/>\n<meta property=\"og:url\" content=\"https:\/\/bogarve1915.onpointmarketing.es\/de\/memorias\/\" \/>\n<meta property=\"og:site_name\" content=\"Bogarve 1915 | Bodega y tienda de vinos, mistelas y vermut\" \/>\n<meta property=\"article:modified_time\" content=\"2023-06-07T11:29:08+00:00\" \/>\n<meta property=\"og:image\" content=\"https:\/\/bogarve1915.onpointmarketing.es\/wp-content\/uploads\/2022\/06\/memoriasBTM.jpg\" \/>\n\t<meta property=\"og:image:width\" content=\"500\" \/>\n\t<meta property=\"og:image:height\" content=\"500\" \/>\n\t<meta property=\"og:image:type\" content=\"image\/jpeg\" \/>\n<meta name=\"twitter:card\" content=\"summary_large_image\" \/>\n<meta name=\"twitter:label1\" content=\"Gesch\u00e4tzte Lesezeit\" \/>\n\t<meta name=\"twitter:data1\" content=\"2\u00a0Minuten\" \/>\n<script type=\"application\/ld+json\" class=\"yoast-schema-graph\">{\"@context\":\"https:\\\/\\\/schema.org\",\"@graph\":[{\"@type\":\"WebPage\",\"@id\":\"https:\\\/\\\/bogarve1915.onpointmarketing.es\\\/de\\\/memorias\\\/\",\"url\":\"https:\\\/\\\/bogarve1915.onpointmarketing.es\\\/de\\\/memorias\\\/\",\"name\":\"MEMORIAS - BOGARVE 1915 - Bogarve 1915 | Bodega y tienda de vinos, mistelas y vermut\",\"isPartOf\":{\"@id\":\"https:\\\/\\\/bogarve1915.onpointmarketing.es\\\/de\\\/#website\"},\"primaryImageOfPage\":{\"@id\":\"https:\\\/\\\/bogarve1915.onpointmarketing.es\\\/de\\\/memorias\\\/#primaryimage\"},\"image\":{\"@id\":\"https:\\\/\\\/bogarve1915.onpointmarketing.es\\\/de\\\/memorias\\\/#primaryimage\"},\"thumbnailUrl\":\"https:\\\/\\\/bogarve1915.onpointmarketing.es\\\/wp-content\\\/uploads\\\/2022\\\/06\\\/memoriasBTM.jpg\",\"datePublished\":\"2022-05-24T07:29:46+00:00\",\"dateModified\":\"2023-06-07T11:29:08+00:00\",\"breadcrumb\":{\"@id\":\"https:\\\/\\\/bogarve1915.onpointmarketing.es\\\/de\\\/memorias\\\/#breadcrumb\"},\"inLanguage\":\"de\",\"potentialAction\":[{\"@type\":\"ReadAction\",\"target\":[\"https:\\\/\\\/bogarve1915.onpointmarketing.es\\\/de\\\/memorias\\\/\"]}]},{\"@type\":\"ImageObject\",\"inLanguage\":\"de\",\"@id\":\"https:\\\/\\\/bogarve1915.onpointmarketing.es\\\/de\\\/memorias\\\/#primaryimage\",\"url\":\"https:\\\/\\\/bogarve1915.onpointmarketing.es\\\/wp-content\\\/uploads\\\/2022\\\/06\\\/memoriasBTM.jpg\",\"contentUrl\":\"https:\\\/\\\/bogarve1915.onpointmarketing.es\\\/wp-content\\\/uploads\\\/2022\\\/06\\\/memoriasBTM.jpg\",\"width\":500,\"height\":500},{\"@type\":\"BreadcrumbList\",\"@id\":\"https:\\\/\\\/bogarve1915.onpointmarketing.es\\\/de\\\/memorias\\\/#breadcrumb\",\"itemListElement\":[{\"@type\":\"ListItem\",\"position\":1,\"name\":\"INICIO\",\"item\":\"https:\\\/\\\/bogarve1915.onpointmarketing.es\\\/de\\\/\"},{\"@type\":\"ListItem\",\"position\":2,\"name\":\"MEMORIAS &#8211; BOGARVE 1915\"}]},{\"@type\":\"WebSite\",\"@id\":\"https:\\\/\\\/bogarve1915.onpointmarketing.es\\\/de\\\/#website\",\"url\":\"https:\\\/\\\/bogarve1915.onpointmarketing.es\\\/de\\\/\",\"name\":\"Bogarve 1915 | Bodega y tienda de vinos, mistelas y vermut\",\"description\":\"Bodega centenaria de vino de elaboraci\u00f3n propia. Tienda de vinos, mistelas y vermut. Entre sus productos de calidad destacan los vinos blancos, elaborados con variedades como la air\u00e9n, verdejo, sauvignon blanc y moscatel, los vinos tintos donde predominan syrah, tempranillo, petit verdot, merlot y cabernet sauvignon, as\u00ed como las mistelas y el vermut.\",\"publisher\":{\"@id\":\"https:\\\/\\\/bogarve1915.onpointmarketing.es\\\/de\\\/#organization\"},\"potentialAction\":[{\"@type\":\"SearchAction\",\"target\":{\"@type\":\"EntryPoint\",\"urlTemplate\":\"https:\\\/\\\/bogarve1915.onpointmarketing.es\\\/de\\\/?s={search_term_string}\"},\"query-input\":{\"@type\":\"PropertyValueSpecification\",\"valueRequired\":true,\"valueName\":\"search_term_string\"}}],\"inLanguage\":\"de\"},{\"@type\":\"Organization\",\"@id\":\"https:\\\/\\\/bogarve1915.onpointmarketing.es\\\/de\\\/#organization\",\"name\":\"Bogarve 1915 | Bodega y tienda de vinos, mistelas y vermut\",\"url\":\"https:\\\/\\\/bogarve1915.onpointmarketing.es\\\/de\\\/\",\"logo\":{\"@type\":\"ImageObject\",\"inLanguage\":\"de\",\"@id\":\"https:\\\/\\\/bogarve1915.onpointmarketing.es\\\/de\\\/#\\\/schema\\\/logo\\\/image\\\/\",\"url\":\"https:\\\/\\\/bogarve1915.onpointmarketing.es\\\/wp-content\\\/uploads\\\/2023\\\/02\\\/logov2.jpg\",\"contentUrl\":\"https:\\\/\\\/bogarve1915.onpointmarketing.es\\\/wp-content\\\/uploads\\\/2023\\\/02\\\/logov2.jpg\",\"width\":524,\"height\":158,\"caption\":\"Bogarve 1915 | Bodega y tienda de vinos, mistelas y vermut\"},\"image\":{\"@id\":\"https:\\\/\\\/bogarve1915.onpointmarketing.es\\\/de\\\/#\\\/schema\\\/logo\\\/image\\\/\"}}]}<\/script>\n<!-- \/ Yoast SEO plugin. -->","yoast_head_json":{"title":"MEMORIAS - BOGARVE 1915 - Bogarve 1915 | Bodega y tienda de vinos, mistelas y vermut","robots":{"index":"noindex","follow":"follow","max-snippet":"max-snippet:-1","max-image-preview":"max-image-preview:large","max-video-preview":"max-video-preview:-1"},"og_locale":"de_DE","og_type":"article","og_title":"MEMORIAS - BOGARVE 1915 - Bogarve 1915 | Bodega y tienda de vinos, mistelas y vermut","og_description":"[et_pb_section fb_built=&#8220;1&#8243; fullwidth=&#8220;on&#8220; disabled_on=&#8220;on|off|off&#8220; _builder_version=&#8220;4.19.5&#8243; _module_preset=&#8220;default&#8220; background_image=&#8220;https:\/\/bogarve1915.onpointmarketing.es\/wp-content\/uploads\/2022\/06\/04_MEMORIAS.jpg&#8220; global_colors_info=&#8220;{}&#8220;][et_pb_fullwidth_post_title meta=&#8220;off&#8220; featured_image=&#8220;off&#8220; _builder_version=&#8220;4.19.1&#8243; _module_preset=&#8220;default&#8220; title_text_color=&#8220;rgba(255,255,255,0)&#8220; custom_margin=&#8220;||||false|false&#8220; custom_padding=&#8220;12%||20%||false|false&#8220; custom_padding_tablet=&#8220;&#8220; custom_padding_phone=&#8220;10%||10%||false|false&#8220; custom_padding_last_edited=&#8220;on|phone&#8220; global_colors_info=&#8220;{}&#8220;][\/et_pb_fullwidth_post_title][\/et_pb_section][et_pb_section fb_built=&#8220;1&#8243; fullwidth=&#8220;on&#8220; disabled_on=&#8220;off|on|on&#8220; _builder_version=&#8220;4.19.5&#8243; _module_preset=&#8220;default&#8220; global_colors_info=&#8220;{}&#8220;][et_pb_fullwidth_image src=&#8220;https:\/\/bogarve1915.onpointmarketing.es\/wp-content\/uploads\/2023\/01\/MEMORIASG.jpg&#8220; _builder_version=&#8220;4.19.5&#8243; _module_preset=&#8220;default&#8220; global_colors_info=&#8220;{}&#8220;][\/et_pb_fullwidth_image][\/et_pb_section][et_pb_section fb_built=&#8220;1&#8243; _builder_version=&#8220;4.17.4&#8243; _module_preset=&#8220;default&#8220; custom_margin=&#8220;0px||||false|false&#8220; custom_padding=&#8220;0px||||false|false&#8220; global_colors_info=&#8220;{}&#8220;][et_pb_row disabled_on=&#8220;on|on|off&#8220; admin_label=&#8220;01 &#8211; ESCRITORIO&#8220; module_id=&#8220;inicio&#8220; _builder_version=&#8220;4.19.2&#8243; _module_preset=&#8220;default&#8220; global_colors_info=&#8220;{}&#8220;][et_pb_column type=&#8220;4_4&#8243; _builder_version=&#8220;4.17.4&#8243; _module_preset=&#8220;default&#8220; global_colors_info=&#8220;{}&#8220;][et_pb_text admin_label=&#8220;T\u00cdTULO &#8211; MEMORIAS&#8220; _builder_version=&#8220;4.21.0&#8243; _module_preset=&#8220;default&#8220; text_orientation=&#8220;center&#8220; hover_enabled=&#8220;0&#8243; global_colors_info=&#8220;{}&#8220; [&hellip;]","og_url":"https:\/\/bogarve1915.onpointmarketing.es\/de\/memorias\/","og_site_name":"Bogarve 1915 | Bodega y tienda de vinos, mistelas y vermut","article_modified_time":"2023-06-07T11:29:08+00:00","og_image":[{"width":500,"height":500,"url":"https:\/\/bogarve1915.onpointmarketing.es\/wp-content\/uploads\/2022\/06\/memoriasBTM.jpg","type":"image\/jpeg"}],"twitter_card":"summary_large_image","twitter_misc":{"Gesch\u00e4tzte Lesezeit":"2\u00a0Minuten"},"schema":{"@context":"https:\/\/schema.org","@graph":[{"@type":"WebPage","@id":"https:\/\/bogarve1915.onpointmarketing.es\/de\/memorias\/","url":"https:\/\/bogarve1915.onpointmarketing.es\/de\/memorias\/","name":"MEMORIAS - BOGARVE 1915 - Bogarve 1915 | Bodega y tienda de vinos, mistelas y vermut","isPartOf":{"@id":"https:\/\/bogarve1915.onpointmarketing.es\/de\/#website"},"primaryImageOfPage":{"@id":"https:\/\/bogarve1915.onpointmarketing.es\/de\/memorias\/#primaryimage"},"image":{"@id":"https:\/\/bogarve1915.onpointmarketing.es\/de\/memorias\/#primaryimage"},"thumbnailUrl":"https:\/\/bogarve1915.onpointmarketing.es\/wp-content\/uploads\/2022\/06\/memoriasBTM.jpg","datePublished":"2022-05-24T07:29:46+00:00","dateModified":"2023-06-07T11:29:08+00:00","breadcrumb":{"@id":"https:\/\/bogarve1915.onpointmarketing.es\/de\/memorias\/#breadcrumb"},"inLanguage":"de","potentialAction":[{"@type":"ReadAction","target":["https:\/\/bogarve1915.onpointmarketing.es\/de\/memorias\/"]}]},{"@type":"ImageObject","inLanguage":"de","@id":"https:\/\/bogarve1915.onpointmarketing.es\/de\/memorias\/#primaryimage","url":"https:\/\/bogarve1915.onpointmarketing.es\/wp-content\/uploads\/2022\/06\/memoriasBTM.jpg","contentUrl":"https:\/\/bogarve1915.onpointmarketing.es\/wp-content\/uploads\/2022\/06\/memoriasBTM.jpg","width":500,"height":500},{"@type":"BreadcrumbList","@id":"https:\/\/bogarve1915.onpointmarketing.es\/de\/memorias\/#breadcrumb","itemListElement":[{"@type":"ListItem","position":1,"name":"INICIO","item":"https:\/\/bogarve1915.onpointmarketing.es\/de\/"},{"@type":"ListItem","position":2,"name":"MEMORIAS &#8211; BOGARVE 1915"}]},{"@type":"WebSite","@id":"https:\/\/bogarve1915.onpointmarketing.es\/de\/#website","url":"https:\/\/bogarve1915.onpointmarketing.es\/de\/","name":"Bogarve 1915 | Bodega y tienda de vinos, mistelas y vermut","description":"Bodega centenaria de vino de elaboraci\u00f3n propia. Tienda de vinos, mistelas y vermut. Entre sus productos de calidad destacan los vinos blancos, elaborados con variedades como la air\u00e9n, verdejo, sauvignon blanc y moscatel, los vinos tintos donde predominan syrah, tempranillo, petit verdot, merlot y cabernet sauvignon, as\u00ed como las mistelas y el vermut.","publisher":{"@id":"https:\/\/bogarve1915.onpointmarketing.es\/de\/#organization"},"potentialAction":[{"@type":"SearchAction","target":{"@type":"EntryPoint","urlTemplate":"https:\/\/bogarve1915.onpointmarketing.es\/de\/?s={search_term_string}"},"query-input":{"@type":"PropertyValueSpecification","valueRequired":true,"valueName":"search_term_string"}}],"inLanguage":"de"},{"@type":"Organization","@id":"https:\/\/bogarve1915.onpointmarketing.es\/de\/#organization","name":"Bogarve 1915 | Bodega y tienda de vinos, mistelas y vermut","url":"https:\/\/bogarve1915.onpointmarketing.es\/de\/","logo":{"@type":"ImageObject","inLanguage":"de","@id":"https:\/\/bogarve1915.onpointmarketing.es\/de\/#\/schema\/logo\/image\/","url":"https:\/\/bogarve1915.onpointmarketing.es\/wp-content\/uploads\/2023\/02\/logov2.jpg","contentUrl":"https:\/\/bogarve1915.onpointmarketing.es\/wp-content\/uploads\/2023\/02\/logov2.jpg","width":524,"height":158,"caption":"Bogarve 1915 | Bodega y tienda de vinos, mistelas y vermut"},"image":{"@id":"https:\/\/bogarve1915.onpointmarketing.es\/de\/#\/schema\/logo\/image\/"}}]}},"_links":{"self":[{"href":"https:\/\/bogarve1915.onpointmarketing.es\/de\/wp-json\/wp\/v2\/pages\/10592","targetHints":{"allow":["GET"]}}],"collection":[{"href":"https:\/\/bogarve1915.onpointmarketing.es\/de\/wp-json\/wp\/v2\/pages"}],"about":[{"href":"https:\/\/bogarve1915.onpointmarketing.es\/de\/wp-json\/wp\/v2\/types\/page"}],"author":[{"embeddable":true,"href":"https:\/\/bogarve1915.onpointmarketing.es\/de\/wp-json\/wp\/v2\/users\/1"}],"replies":[{"embeddable":true,"href":"https:\/\/bogarve1915.onpointmarketing.es\/de\/wp-json\/wp\/v2\/comments?post=10592"}],"version-history":[{"count":0,"href":"https:\/\/bogarve1915.onpointmarketing.es\/de\/wp-json\/wp\/v2\/pages\/10592\/revisions"}],"wp:featuredmedia":[{"embeddable":true,"href":"https:\/\/bogarve1915.onpointmarketing.es\/de\/wp-json\/wp\/v2\/media\/10150"}],"wp:attachment":[{"href":"https:\/\/bogarve1915.onpointmarketing.es\/de\/wp-json\/wp\/v2\/media?parent=10592"}],"curies":[{"name":"wp","href":"https:\/\/api.w.org\/{rel}","templated":true}]}}